{"id":161,"date":"2020-03-05T20:37:23","date_gmt":"2020-03-05T23:37:23","guid":{"rendered":"https:\/\/ssidetetives.com.br\/?page_id=161"},"modified":"2023-02-22T16:29:09","modified_gmt":"2023-02-22T19:29:09","slug":"investigacao-de-empregados","status":"publish","type":"page","link":"https:\/\/ssidetetives.com.br\/?page_id=161","title":{"rendered":"Investiga\u00e7\u00e3o de Empregados"},"content":{"rendered":"\r\n<p>Investiga\u00e7\u00e3o de empregados<br><h2>Investiga\u00e7\u00e3o de empregados\r\n<br>O que \u00e9?<\/h2>\r\n<br><hr class=\"no_line\" style=\"margin:0 auto 0px\"\/>\n\r\n<br><div class=\"image_frame image_item no_link scale-with-grid alignnone no_border\" ><div class=\"image_wrapper\"><img class=\"scale-with-grid\" src=\"\" alt=\"\" title=\"\"  \/><\/div><\/div>\n<br>no-repeat;left top;;<br>auto<br><br>SSI Detetives<br><h5>A investiga\u00e7\u00e3o empresarial compreende a averigua\u00e7\u00e3o de empregados quanto a pr\u00e1ticas de crime de ass\u00e9dio sexual, constrangimentos, abuso de poder, racismo, sabotagens, entre outros. O trabalho investigat\u00f3rio nesses casos almeja a colheita de provas l\u00edcitas para serem utilizadas em processos judiciais e inqu\u00e9rito policial.<\/h5><br>justify<br>no-repeat;left top;;<br>auto<br><br>CONTATO<br><a href=\"https:\/\/ssidetetives.com.br\/contato\/\">https:\/\/ssidetetives.com.br\/contato\/<\/a><br>right<br>icon-mail<br>right<br>2<br><br><\/p>\r\n","protected":false},"excerpt":{"rendered":"<p>Investiga\u00e7\u00e3o de empregados Investiga\u00e7\u00e3o de empregados O que \u00e9? no-repeat;left top;;auto SSI Detetives A investiga\u00e7\u00e3o empresarial compreende a averigua\u00e7\u00e3o de empregados quanto a pr\u00e1ticas de crime<span class=\"excerpt-hellip\"> [\u2026]<\/span><\/p>\n","protected":false},"author":1,"featured_media":0,"parent":0,"menu_order":0,"comment_status":"closed","ping_status":"closed","template":"","meta":[],"_links":{"self":[{"href":"https:\/\/ssidetetives.com.br\/index.php?rest_route=\/wp\/v2\/pages\/161"}],"collection":[{"href":"https:\/\/ssidetetives.com.br\/index.php?rest_route=\/wp\/v2\/pages"}],"about":[{"href":"https:\/\/ssidetetives.com.br\/index.php?rest_route=\/wp\/v2\/types\/page"}],"author":[{"embeddable":true,"href":"https:\/\/ssidetetives.com.br\/index.php?rest_route=\/wp\/v2\/users\/1"}],"replies":[{"embeddable":true,"href":"https:\/\/ssidetetives.com.br\/index.php?rest_route=%2Fwp%2Fv2%2Fcomments&post=161"}],"version-history":[{"count":2,"href":"https:\/\/ssidetetives.com.br\/index.php?rest_route=\/wp\/v2\/pages\/161\/revisions"}],"predecessor-version":[{"id":259,"href":"https:\/\/ssidetetives.com.br\/index.php?rest_route=\/wp\/v2\/pages\/161\/revisions\/259"}],"wp:attachment":[{"href":"https:\/\/ssidetetives.com.br\/index.php?rest_route=%2Fwp%2Fv2%2Fmedia&parent=161"}],"curies":[{"name":"wp","href":"https:\/\/api.w.org\/{rel}","templated":true}]}}