{"id":162,"date":"2020-03-05T20:40:03","date_gmt":"2020-03-05T23:40:03","guid":{"rendered":"https:\/\/ssidetetives.com.br\/?page_id=162"},"modified":"2023-02-22T16:25:35","modified_gmt":"2023-02-22T19:25:35","slug":"investigacao-de-adolecentes","status":"publish","type":"page","link":"https:\/\/ssidetetives.com.br\/?page_id=162","title":{"rendered":"Investiga\u00e7\u00e3o de Adolecentes"},"content":{"rendered":"\r\n<p>Investiga\u00e7\u00e3o de Adolecentes<br><h2>Investiga\u00e7\u00e3o de Adolecentes\r\n<br>O que \u00e9?<\/h2>\r\n<br><hr class=\"no_line\" style=\"margin:0 auto 0px\"\/>\n\r\n<br><div class=\"image_frame image_item no_link scale-with-grid alignnone no_border\" ><div class=\"image_wrapper\"><img class=\"scale-with-grid\" src=\"\" alt=\"\" title=\"\"  \/><\/div><\/div>\n<br>no-repeat;left top;;<br>auto<br><br>SSI Detetives<br><h5>Realizamos investiga\u00e7\u00f5es para descobrir se o adolescente e pessoas da sua fam\u00edlia est\u00e3o envolvidos com drogas ou com pessoas que comentem atos il\u00edcitos. \r\n<br>Apresentamos relat\u00f3rios detalhado passo a passo do dia do adolescente as informa\u00e7\u00f5es sobre as companhias, op\u00e7\u00e3o sexual, amizades entre outros.\r\n<br><\/h5><br>justify<br>no-repeat;left top;;<br>auto<br><br>CONTATO<br><a href=\"https:\/\/ssidetetives.com.br\/contato\/\">https:\/\/ssidetetives.com.br\/contato\/<\/a><br>right<br>icon-mail<br>right<br>2<br><br><\/p>\r\n","protected":false},"excerpt":{"rendered":"<p>Investiga\u00e7\u00e3o de Adolecentes Investiga\u00e7\u00e3o de Adolecentes O que \u00e9? no-repeat;left top;;auto SSI Detetives Realizamos investiga\u00e7\u00f5es para descobrir se o adolescente e pessoas da sua fam\u00edlia est\u00e3o<span class=\"excerpt-hellip\"> [\u2026]<\/span><\/p>\n","protected":false},"author":1,"featured_media":0,"parent":0,"menu_order":0,"comment_status":"closed","ping_status":"closed","template":"","meta":[],"_links":{"self":[{"href":"https:\/\/ssidetetives.com.br\/index.php?rest_route=\/wp\/v2\/pages\/162"}],"collection":[{"href":"https:\/\/ssidetetives.com.br\/index.php?rest_route=\/wp\/v2\/pages"}],"about":[{"href":"https:\/\/ssidetetives.com.br\/index.php?rest_route=\/wp\/v2\/types\/page"}],"author":[{"embeddable":true,"href":"https:\/\/ssidetetives.com.br\/index.php?rest_route=\/wp\/v2\/users\/1"}],"replies":[{"embeddable":true,"href":"https:\/\/ssidetetives.com.br\/index.php?rest_route=%2Fwp%2Fv2%2Fcomments&post=162"}],"version-history":[{"count":2,"href":"https:\/\/ssidetetives.com.br\/index.php?rest_route=\/wp\/v2\/pages\/162\/revisions"}],"predecessor-version":[{"id":262,"href":"https:\/\/ssidetetives.com.br\/index.php?rest_route=\/wp\/v2\/pages\/162\/revisions\/262"}],"wp:attachment":[{"href":"https:\/\/ssidetetives.com.br\/index.php?rest_route=%2Fwp%2Fv2%2Fmedia&parent=162"}],"curies":[{"name":"wp","href":"https:\/\/api.w.org\/{rel}","templated":true}]}}