{"id":163,"date":"2020-03-05T20:39:33","date_gmt":"2020-03-05T23:39:33","guid":{"rendered":"https:\/\/ssidetetives.com.br\/?page_id=163"},"modified":"2023-02-22T16:26:48","modified_gmt":"2023-02-22T19:26:48","slug":"investigacao-de-babas-cuidadoras-de-idosos-e-outros-profissionais-que-trabalham-em-sua-residencia","status":"publish","type":"page","link":"https:\/\/ssidetetives.com.br\/?page_id=163","title":{"rendered":"Investiga\u00e7\u00e3o de bab\u00e1s, cuidadoras de idosos e outros profissionais que trabalham em sua resid\u00eancia"},"content":{"rendered":"\r\n<p>Investiga\u00e7\u00e3o de bab\u00e1s, cuidadoras de idosos e outros profissionais que trabalham em sua resid\u00eancia<br><h2>Investiga\u00e7\u00e3o de bab\u00e1s, cuidadoras de idosos e outros profissionais que trabalham em sua resid\u00eancia\r\n<br>O que \u00e9?<\/h2>\r\n<br><hr class=\"no_line\" style=\"margin:0 auto 0px\"\/>\n\r\n<br><div class=\"image_frame image_item no_link scale-with-grid alignnone no_border\" ><div class=\"image_wrapper\"><img class=\"scale-with-grid\" src=\"\" alt=\"\" title=\"\"  \/><\/div><\/div>\n<br>no-repeat;left top;;<br>auto<br><br>SSI Detetives<br><h5>Realizamos investiga\u00e7\u00f5es para descobrir se existe maus tratos com crian\u00e7as, idosos e pessoas com defici\u00eancia, bem como desvendar furtos, realiza\u00e7\u00e3o de procedimentos de enfermagem sem assepsia, manipula\u00e7\u00e3o de alimentos de forma inadequada, entre outras situa\u00e7\u00f5es da rotina da fam\u00edlia. <\/h5><br>justify<br>no-repeat;left top;;<br>auto<br><br>CONTATO<br><a href=\"https:\/\/ssidetetives.com.br\/contato\/\">https:\/\/ssidetetives.com.br\/contato\/<\/a><br>right<br>icon-mail<br>right<br>2<br><br><\/p>\r\n","protected":false},"excerpt":{"rendered":"<p>Investiga\u00e7\u00e3o de bab\u00e1s, cuidadoras de idosos e outros profissionais que trabalham em sua resid\u00eancia Investiga\u00e7\u00e3o de bab\u00e1s, cuidadoras de idosos e outros profissionais que trabalham em<span class=\"excerpt-hellip\"> [\u2026]<\/span><\/p>\n","protected":false},"author":1,"featured_media":0,"parent":0,"menu_order":0,"comment_status":"closed","ping_status":"closed","template":"","meta":[],"_links":{"self":[{"href":"https:\/\/ssidetetives.com.br\/index.php?rest_route=\/wp\/v2\/pages\/163"}],"collection":[{"href":"https:\/\/ssidetetives.com.br\/index.php?rest_route=\/wp\/v2\/pages"}],"about":[{"href":"https:\/\/ssidetetives.com.br\/index.php?rest_route=\/wp\/v2\/types\/page"}],"author":[{"embeddable":true,"href":"https:\/\/ssidetetives.com.br\/index.php?rest_route=\/wp\/v2\/users\/1"}],"replies":[{"embeddable":true,"href":"https:\/\/ssidetetives.com.br\/index.php?rest_route=%2Fwp%2Fv2%2Fcomments&post=163"}],"version-history":[{"count":2,"href":"https:\/\/ssidetetives.com.br\/index.php?rest_route=\/wp\/v2\/pages\/163\/revisions"}],"predecessor-version":[{"id":257,"href":"https:\/\/ssidetetives.com.br\/index.php?rest_route=\/wp\/v2\/pages\/163\/revisions\/257"}],"wp:attachment":[{"href":"https:\/\/ssidetetives.com.br\/index.php?rest_route=%2Fwp%2Fv2%2Fmedia&parent=163"}],"curies":[{"name":"wp","href":"https:\/\/api.w.org\/{rel}","templated":true}]}}