{"id":169,"date":"2020-03-05T20:44:53","date_gmt":"2020-03-05T23:44:53","guid":{"rendered":"https:\/\/ssidetetives.com.br\/?page_id=169"},"modified":"2023-02-22T16:33:47","modified_gmt":"2023-02-22T19:33:47","slug":"localizacao-de-pessoas-e-animais","status":"publish","type":"page","link":"https:\/\/ssidetetives.com.br\/?page_id=169","title":{"rendered":"Localiza\u00e7\u00e3o de Pessoas e Animais"},"content":{"rendered":"\r\n<p>Localiza\u00e7\u00e3o de Pessoas e Animais<br><h2>Localiza\u00e7\u00e3o de Pessoas e Animais\r\n<br>O que \u00e9?<\/h2>\r\n<br><hr class=\"no_line\" style=\"margin:0 auto 0px\"\/>\n\r\n<br><div class=\"image_frame image_item no_link scale-with-grid alignnone no_border\" ><div class=\"image_wrapper\"><img class=\"scale-with-grid\" src=\"\" alt=\"\" title=\"\"  \/><\/div><\/div>\n<br>no-repeat;left top;;<br>auto<br><br>SSI Detetives<br><h5>Realizamos investiga\u00e7\u00f5es para localizar pessoas desaparecidas, animais perdidos, desde pets (animais de estima\u00e7\u00e3o como gatos, cachorros, aves, roedores, etc) e animais de maior porte (cavalos, bovinos, etc).<\/h5><br>justify<br>no-repeat;left top;;<br>auto<br><br>CONTATO<br><a href=\"https:\/\/ssidetetives.com.br\/contato\/\">https:\/\/ssidetetives.com.br\/contato\/<\/a><br>right<br>icon-mail<br>right<br>2<br><br><\/p>\r\n","protected":false},"excerpt":{"rendered":"<p>Localiza\u00e7\u00e3o de Pessoas e Animais Localiza\u00e7\u00e3o de Pessoas e Animais O que \u00e9? no-repeat;left top;;auto SSI Detetives Realizamos investiga\u00e7\u00f5es para localizar pessoas desaparecidas, animais perdidos, desde<span class=\"excerpt-hellip\"> [\u2026]<\/span><\/p>\n","protected":false},"author":1,"featured_media":0,"parent":0,"menu_order":0,"comment_status":"closed","ping_status":"closed","template":"","meta":[],"_links":{"self":[{"href":"https:\/\/ssidetetives.com.br\/index.php?rest_route=\/wp\/v2\/pages\/169"}],"collection":[{"href":"https:\/\/ssidetetives.com.br\/index.php?rest_route=\/wp\/v2\/pages"}],"about":[{"href":"https:\/\/ssidetetives.com.br\/index.php?rest_route=\/wp\/v2\/types\/page"}],"author":[{"embeddable":true,"href":"https:\/\/ssidetetives.com.br\/index.php?rest_route=\/wp\/v2\/users\/1"}],"replies":[{"embeddable":true,"href":"https:\/\/ssidetetives.com.br\/index.php?rest_route=%2Fwp%2Fv2%2Fcomments&post=169"}],"version-history":[{"count":2,"href":"https:\/\/ssidetetives.com.br\/index.php?rest_route=\/wp\/v2\/pages\/169\/revisions"}],"predecessor-version":[{"id":251,"href":"https:\/\/ssidetetives.com.br\/index.php?rest_route=\/wp\/v2\/pages\/169\/revisions\/251"}],"wp:attachment":[{"href":"https:\/\/ssidetetives.com.br\/index.php?rest_route=%2Fwp%2Fv2%2Fmedia&parent=169"}],"curies":[{"name":"wp","href":"https:\/\/api.w.org\/{rel}","templated":true}]}}