{"id":177,"date":"2020-03-05T20:56:20","date_gmt":"2020-03-05T23:56:20","guid":{"rendered":"https:\/\/ssidetetives.com.br\/?page_id=177"},"modified":"2023-02-22T16:10:19","modified_gmt":"2023-02-22T19:10:19","slug":"contraespionagem","status":"publish","type":"page","link":"https:\/\/ssidetetives.com.br\/?page_id=177","title":{"rendered":"Contraespionagem"},"content":{"rendered":"\r\n<p>Contraespionagem<br><h2>Contraespionagem\r\n<br>O que \u00e9?<\/h2>\r\n<br><hr class=\"no_line\" style=\"margin:0 auto 0px\"\/>\n\r\n<br><div class=\"image_frame image_item no_link scale-with-grid alignnone no_border\" ><div class=\"image_wrapper\"><img class=\"scale-with-grid\" src=\"\" alt=\"\" title=\"\"  \/><\/div><\/div>\n<br>no-repeat;left top;;<br>auto<br><br>SSI DETETIVES<br><h5>A contraespionagem  \u00e9 o servi\u00e7o  para descobrir e combater eventuais estrat\u00e9gias de espionagem empresarial  de produtos os servi\u00e7os ou sabotagem implantadas dentro da empresa por parte de concorrentes, funcion\u00e1rios  ou colaboradores.<\/h5><br>justify<br>no-repeat;left top;;<br>auto<br><br>CONTATO<br><a href=\"https:\/\/ssidetetives.com.br\/contato\/\">https:\/\/ssidetetives.com.br\/contato\/<\/a><br>right<br>icon-mail<br>right<br>2<br><br><\/p>\r\n","protected":false},"excerpt":{"rendered":"<p>Contraespionagem Contraespionagem O que \u00e9? no-repeat;left top;;auto SSI DETETIVES A contraespionagem \u00e9 o servi\u00e7o para descobrir e combater eventuais estrat\u00e9gias de espionagem empresarial de produtos os<span class=\"excerpt-hellip\"> [\u2026]<\/span><\/p>\n","protected":false},"author":1,"featured_media":0,"parent":0,"menu_order":0,"comment_status":"closed","ping_status":"closed","template":"","meta":[],"_links":{"self":[{"href":"https:\/\/ssidetetives.com.br\/index.php?rest_route=\/wp\/v2\/pages\/177"}],"collection":[{"href":"https:\/\/ssidetetives.com.br\/index.php?rest_route=\/wp\/v2\/pages"}],"about":[{"href":"https:\/\/ssidetetives.com.br\/index.php?rest_route=\/wp\/v2\/types\/page"}],"author":[{"embeddable":true,"href":"https:\/\/ssidetetives.com.br\/index.php?rest_route=\/wp\/v2\/users\/1"}],"replies":[{"embeddable":true,"href":"https:\/\/ssidetetives.com.br\/index.php?rest_route=%2Fwp%2Fv2%2Fcomments&post=177"}],"version-history":[{"count":2,"href":"https:\/\/ssidetetives.com.br\/index.php?rest_route=\/wp\/v2\/pages\/177\/revisions"}],"predecessor-version":[{"id":272,"href":"https:\/\/ssidetetives.com.br\/index.php?rest_route=\/wp\/v2\/pages\/177\/revisions\/272"}],"wp:attachment":[{"href":"https:\/\/ssidetetives.com.br\/index.php?rest_route=%2Fwp%2Fv2%2Fmedia&parent=177"}],"curies":[{"name":"wp","href":"https:\/\/api.w.org\/{rel}","templated":true}]}}