{"id":197,"date":"2020-03-05T21:07:37","date_gmt":"2020-03-06T00:07:37","guid":{"rendered":"https:\/\/ssidetetives.com.br\/?page_id=197"},"modified":"2023-02-22T16:03:52","modified_gmt":"2023-02-22T19:03:52","slug":"provas-para-advogados-area-familia","status":"publish","type":"page","link":"https:\/\/ssidetetives.com.br\/?page_id=197","title":{"rendered":"\u00c1rea Fam\u00edlia"},"content":{"rendered":"\r\n<p>Heading<br><h2>\u00c1rea Fam\u00edlia<\/h2>\r\n<br><hr class=\"no_line\" style=\"margin:0 auto 0px\"\/>\n\r\n<br><div class=\"image_frame image_item no_link scale-with-grid alignnone no_border\" ><div class=\"image_wrapper\"><img class=\"scale-with-grid\" src=\"\" alt=\"\" title=\"\"  \/><\/div><\/div>\n<br>no-repeat;left top;;<br>auto<br><br><h5>\u2013 Comprova\u00e7\u00e3o de real situa\u00e7\u00e3o financeira (padr\u00e3o de vida) para fins de separa\u00e7\u00e3o, div\u00f3rcios, pens\u00e3o aliment\u00edcia e impugna\u00e7\u00e3o da justi\u00e7a gratuita;\r\n<br>\r\n<br>_ Comprova\u00e7\u00e3o de maus tratos com crian\u00e7as;\r\n<br>\r\n<br>_ Comprova\u00e7\u00e3o que o pai\/m\u00e3e utilizam drogas e bebidas colocando os filhos menores em risco;\r\n<br>\r\n<br>\u2013 Levantamento de Bens M\u00f3veis e Im\u00f3veis (inclusive os n\u00e3o registrados junto a Cart\u00f3rios), para fins de separa\u00e7\u00e3o, div\u00f3rcio e heran\u00e7a;\r\n<br>\r\n<br>\u2013 Levantamento de Informa\u00e7\u00f5es Cartoriais: Bens, Certid\u00f5es de Nascimento, Casamento, \u00d3bito, entre outras;\r\n<br>\r\n<br>\u2013 Localiza\u00e7\u00e3o e Confirma\u00e7\u00e3o de endere\u00e7os para entrega de cita\u00e7\u00f5es.\r\n<br><\/h5><br>justify<br>no-repeat;left top;;<br>auto<br><br>CONTATO<br><a href=\"https:\/\/ssidetetives.com.br\/contato\/\">https:\/\/ssidetetives.com.br\/contato\/<\/a><br>right<br>icon-mail<br>right<br>2<br><br><\/p>\r\n","protected":false},"excerpt":{"rendered":"<p>Heading \u00c1rea Fam\u00edlia no-repeat;left top;;auto \u2013 Comprova\u00e7\u00e3o de real situa\u00e7\u00e3o financeira (padr\u00e3o de vida) para fins de separa\u00e7\u00e3o, div\u00f3rcios, pens\u00e3o aliment\u00edcia e impugna\u00e7\u00e3o da justi\u00e7a gratuita;<span class=\"excerpt-hellip\"> [\u2026]<\/span><\/p>\n","protected":false},"author":1,"featured_media":0,"parent":0,"menu_order":0,"comment_status":"closed","ping_status":"closed","template":"","meta":[],"_links":{"self":[{"href":"https:\/\/ssidetetives.com.br\/index.php?rest_route=\/wp\/v2\/pages\/197"}],"collection":[{"href":"https:\/\/ssidetetives.com.br\/index.php?rest_route=\/wp\/v2\/pages"}],"about":[{"href":"https:\/\/ssidetetives.com.br\/index.php?rest_route=\/wp\/v2\/types\/page"}],"author":[{"embeddable":true,"href":"https:\/\/ssidetetives.com.br\/index.php?rest_route=\/wp\/v2\/users\/1"}],"replies":[{"embeddable":true,"href":"https:\/\/ssidetetives.com.br\/index.php?rest_route=%2Fwp%2Fv2%2Fcomments&post=197"}],"version-history":[{"count":2,"href":"https:\/\/ssidetetives.com.br\/index.php?rest_route=\/wp\/v2\/pages\/197\/revisions"}],"predecessor-version":[{"id":243,"href":"https:\/\/ssidetetives.com.br\/index.php?rest_route=\/wp\/v2\/pages\/197\/revisions\/243"}],"wp:attachment":[{"href":"https:\/\/ssidetetives.com.br\/index.php?rest_route=%2Fwp%2Fv2%2Fmedia&parent=197"}],"curies":[{"name":"wp","href":"https:\/\/api.w.org\/{rel}","templated":true}]}}