{"id":198,"date":"2020-03-05T21:07:35","date_gmt":"2020-03-06T00:07:35","guid":{"rendered":"https:\/\/ssidetetives.com.br\/?page_id=198"},"modified":"2023-02-22T16:02:07","modified_gmt":"2023-02-22T19:02:07","slug":"provas-para-advogados-area-empresarial","status":"publish","type":"page","link":"https:\/\/ssidetetives.com.br\/?page_id=198","title":{"rendered":"\u00c1rea Empresarial"},"content":{"rendered":"\r\n<p><h2>\u00c1rea Empresarial<\/h2>\r\n<br><hr class=\"no_line\" style=\"margin:0 auto 0px\"\/>\n\r\n<br><div class=\"image_frame image_item no_link scale-with-grid alignnone no_border\" ><div class=\"image_wrapper\"><img class=\"scale-with-grid\" src=\"\" alt=\"\" title=\"\"  \/><\/div><\/div>\n<br>no-repeat;left top;;<br>auto<br><br><h5>\u2013 Desvio de conduta de funcion\u00e1rios, s\u00f3cios,  colaboradores e terceirizados, com preju\u00edzo \u00e0s atividades laborais ( ex.: relacionamento amoroso entre funcion\u00e1rios,  utiliza\u00e7\u00e3o de drogas e bebidas,  visitas no hor\u00e1rio de trabalho na empresa concorrente entre outras);\r\n<br>\r\n<br>\u2013 Furtos no ambiente de trabalho (valores, mat\u00e9rias-primas e equipamentos);\r\n<br>\r\n<br>\u2013 Desvio\/furtos de combust\u00edveis, equipamentos, m\u00e1quinas, mercadorias e animais;\r\n<br>\r\n<br>\u2013 Concorr\u00eancia desleal;\r\n<br>\r\n<br>\u2013 Comprova\u00e7\u00e3o de quebra de contrato de franqueados ou de representa\u00e7\u00e3o Comercial com exclusividade;\r\n<br>\r\n<br>\u2013 Venda de Informa\u00e7\u00f5es, documentos, softwares e dados corporativos;\r\n<br>\r\n<br>\u2013 Varredura de grampos;\r\n<br><\/h5><br>justify<br>no-repeat;left top;;<br>auto<br><br>CONTATO<br><a href=\"https:\/\/ssidetetives.com.br\/contato\/\">https:\/\/ssidetetives.com.br\/contato\/<\/a><br>right<br>icon-mail<br>right<br>2<br><br><\/p>\r\n","protected":false},"excerpt":{"rendered":"<p>\u00c1rea Empresarial no-repeat;left top;;auto \u2013 Desvio de conduta de funcion\u00e1rios, s\u00f3cios, colaboradores e terceirizados, com preju\u00edzo \u00e0s atividades laborais ( ex.: relacionamento amoroso entre funcion\u00e1rios, utiliza\u00e7\u00e3o<span class=\"excerpt-hellip\"> [\u2026]<\/span><\/p>\n","protected":false},"author":1,"featured_media":0,"parent":0,"menu_order":0,"comment_status":"closed","ping_status":"closed","template":"","meta":[],"_links":{"self":[{"href":"https:\/\/ssidetetives.com.br\/index.php?rest_route=\/wp\/v2\/pages\/198"}],"collection":[{"href":"https:\/\/ssidetetives.com.br\/index.php?rest_route=\/wp\/v2\/pages"}],"about":[{"href":"https:\/\/ssidetetives.com.br\/index.php?rest_route=\/wp\/v2\/types\/page"}],"author":[{"embeddable":true,"href":"https:\/\/ssidetetives.com.br\/index.php?rest_route=\/wp\/v2\/users\/1"}],"replies":[{"embeddable":true,"href":"https:\/\/ssidetetives.com.br\/index.php?rest_route=%2Fwp%2Fv2%2Fcomments&post=198"}],"version-history":[{"count":2,"href":"https:\/\/ssidetetives.com.br\/index.php?rest_route=\/wp\/v2\/pages\/198\/revisions"}],"predecessor-version":[{"id":242,"href":"https:\/\/ssidetetives.com.br\/index.php?rest_route=\/wp\/v2\/pages\/198\/revisions\/242"}],"wp:attachment":[{"href":"https:\/\/ssidetetives.com.br\/index.php?rest_route=%2Fwp%2Fv2%2Fmedia&parent=198"}],"curies":[{"name":"wp","href":"https:\/\/api.w.org\/{rel}","templated":true}]}}