{"id":199,"date":"2020-03-05T21:07:38","date_gmt":"2020-03-06T00:07:38","guid":{"rendered":"https:\/\/ssidetetives.com.br\/?page_id=199"},"modified":"2023-02-22T16:08:25","modified_gmt":"2023-02-22T19:08:25","slug":"provas-para-advogados-area-trabalhista","status":"publish","type":"page","link":"https:\/\/ssidetetives.com.br\/?page_id=199","title":{"rendered":"\u00c1rea Trabalhista"},"content":{"rendered":"\r\n<p>Heading<br><h2>\u00c1rea Trabalhista<\/h2>\r\n<br><hr class=\"no_line\" style=\"margin:0 auto 0px\"\/>\n\r\n<br><div class=\"image_frame image_item no_link scale-with-grid alignnone no_border\" ><div class=\"image_wrapper\"><img class=\"scale-with-grid\" src=\"\" alt=\"\" title=\"\"  \/><\/div><\/div>\n<br>no-repeat;left top;;<br>auto<br><br>Heading + desc<br><h5>\u2013 Comprova\u00e7\u00e3o de capacidade laborativa, f\u00edsica e ps\u00edquica de empregados e ex-empregados para fins de suspens\u00e3o de indeniza\u00e7\u00e3o, aposentadoria e pens\u00e3o;\r\n<br>\r\n<br>\u2013 Comprova\u00e7\u00e3o de real situa\u00e7\u00e3o financeira (padr\u00e3o de vida) para fins de impugna\u00e7\u00e3o da justi\u00e7a gratuita;\r\n<br>\r\n<br>\u2013 Comprova\u00e7\u00e3o de rela\u00e7\u00e3o de empregado, parceria e presta\u00e7\u00e3o de servi\u00e7os; \r\n<br>\r\n<br>_ Comprova\u00e7\u00e3o da sociedade de fato;\r\n<br>\r\n<br>\u2013 Levantamento de bens m\u00f3veis e im\u00f3veis (inclusive os n\u00e3o registrados junto a Cart\u00f3rios);\r\n<br>\r\n<br>\u2013 Localiza\u00e7\u00e3o e confirma\u00e7\u00e3o de endere\u00e7os para entrega de cita\u00e7\u00f5es.\r\n<br><\/h5><br>justify<br>no-repeat;left top;;<br>auto<br><br>CONTATO<br><a href=\"https:\/\/ssidetetives.com.br\/contato\/\">https:\/\/ssidetetives.com.br\/contato\/<\/a><br>right<br>icon-mail<br>right<br>2<br><br><\/p>\r\n","protected":false},"excerpt":{"rendered":"<p>Heading \u00c1rea Trabalhista no-repeat;left top;;auto Heading + desc \u2013 Comprova\u00e7\u00e3o de capacidade laborativa, f\u00edsica e ps\u00edquica de empregados e ex-empregados para fins de suspens\u00e3o de indeniza\u00e7\u00e3o,<span class=\"excerpt-hellip\"> [\u2026]<\/span><\/p>\n","protected":false},"author":1,"featured_media":0,"parent":0,"menu_order":0,"comment_status":"closed","ping_status":"closed","template":"","meta":[],"_links":{"self":[{"href":"https:\/\/ssidetetives.com.br\/index.php?rest_route=\/wp\/v2\/pages\/199"}],"collection":[{"href":"https:\/\/ssidetetives.com.br\/index.php?rest_route=\/wp\/v2\/pages"}],"about":[{"href":"https:\/\/ssidetetives.com.br\/index.php?rest_route=\/wp\/v2\/types\/page"}],"author":[{"embeddable":true,"href":"https:\/\/ssidetetives.com.br\/index.php?rest_route=\/wp\/v2\/users\/1"}],"replies":[{"embeddable":true,"href":"https:\/\/ssidetetives.com.br\/index.php?rest_route=%2Fwp%2Fv2%2Fcomments&post=199"}],"version-history":[{"count":2,"href":"https:\/\/ssidetetives.com.br\/index.php?rest_route=\/wp\/v2\/pages\/199\/revisions"}],"predecessor-version":[{"id":244,"href":"https:\/\/ssidetetives.com.br\/index.php?rest_route=\/wp\/v2\/pages\/199\/revisions\/244"}],"wp:attachment":[{"href":"https:\/\/ssidetetives.com.br\/index.php?rest_route=%2Fwp%2Fv2%2Fmedia&parent=199"}],"curies":[{"name":"wp","href":"https:\/\/api.w.org\/{rel}","templated":true}]}}