{"id":2,"date":"2019-12-03T15:17:41","date_gmt":"2019-12-03T15:17:41","guid":{"rendered":"https:\/\/themes.muffingroup.com\/be\/security3\/?page_id=2"},"modified":"2023-02-22T16:19:42","modified_gmt":"2023-02-22T19:19:42","slug":"home-ssi-detetives","status":"publish","type":"page","link":"https:\/\/ssidetetives.com.br\/","title":{"rendered":"Home"},"content":{"rendered":"\r\n<p>Sobre a SSI<br><h2>Sobre N\u00f3s<\/h2> <br><hr class=\"no_line\" style=\"margin:0 auto 0px\"\/>\n <br><div class=\"image_frame image_item no_link scale-with-grid alignnone no_border\" ><div class=\"image_wrapper\"><img class=\"scale-with-grid\" src=\"\" alt=\"\" title=\"\"  \/><\/div><\/div>\n <br><hr class=\"no_line\" style=\"margin:0 auto 0px\"\/>\n <br><h5>A SSI \u00e9 uma ag\u00eancia de detetive particular que atua no ramo h\u00e1 22 anos em S\u00e3o Paulo, cidades do interior e em outros Estados, oferecendo servi\u00e7os de investiga\u00e7\u00f5es de interesse pessoal ou jur\u00eddico com discri\u00e7\u00e3o e sigilo.<\/h5> <br><hr class=\"no_line\" style=\"margin:0 auto 0px\"\/>\n <br><a class=\"button  button_size_2 button_dark button_js\" href=\"\"    ><span class=\"button_label\">Button<\/span><\/a>\n<br>no-repeat;left top;;<br>auto<br><br>Proteja a sua empresa<br><h4>PROTEJA A SUA EMPRESA<\/h4> <br><hr class=\"no_line\" style=\"margin:0 auto 0px\"\/>\n <br>Voc\u00ea pode estar sendo enganado, mas vai fazer algo para descobrir? <br><hr class=\"no_line\" style=\"margin:0 auto 0px\"\/>\n <br><h6><a href=\"https:\/\/ssidetetives.com.br\/investigacao-empresarial\/\">AGIR AGORA<\/a> <\/h6><br>#141414<br>https:\/\/ssidetetives.com.br\/wp-content\/uploads\/2019\/12\/security3-home-pic1.png<br>no-repeat;right bottom;;<br>auto<br>60px 50% 45px 10%<br><br>50<br>default<br><br><img decoding=\"async\" src=\"https:\/\/ssidetetives.com.br\/wp-content\/uploads\/2020\/03\/icone-familia.png\" alt=\"icone-familia\"><br>INVESTIGA\u00c7\u00c3O FAMILIAR<br>Desconfian\u00e7as com rela\u00e7\u00e3o \u00e0s atitudes diversas.<br><a href=\"https:\/\/ssidetetives.com.br\/investigacao-familiar\/\">https:\/\/ssidetetives.com.br\/investigacao-familiar\/<\/a><br>2<br><br><img decoding=\"async\" src=\"https:\/\/ssidetetives.com.br\/wp-content\/uploads\/2020\/03\/icone-funcionarios.png\" alt=\"icone-funcionarios\"><br>INVESTIGA\u00c7\u00c3O DE EMPREGADOS<br>Compreende a averigua\u00e7\u00e3o quanto a pr\u00e1ticas de crimes.<br><a href=\"https:\/\/ssidetetives.com.br\/investigacao-de-empregados\/\">https:\/\/ssidetetives.com.br\/investigacao-de-empregados\/<\/a><br>2<br><br>70<br>default<br><br>Nossos servi\u00e7os<br><h2>NOSSOS SERVI\u00c7OS<\/h2> <br><hr class=\"no_line\" style=\"margin:0 auto 0px\"\/>\n <br><div class=\"image_frame image_item no_link scale-with-grid alignnone no_border\" ><div class=\"image_wrapper\"><img class=\"scale-with-grid\" src=\"\" alt=\"\" title=\"\"  \/><\/div><\/div>\n<br>center<br>no-repeat;left top;;<br>auto<br><br>Servi\u00e7os<br><h3>VOC\u00ca PODE ESTAR INTERESSADO NOS SERVI\u00c7OS:<\/h3><br>no-repeat;left top;;<br>auto<br><br>NOSSOS SERVI\u00c7OS<br><a href=\"https:\/\/ssidetetives.com.br\/sobre-nos\">https:\/\/ssidetetives.com.br\/sobre-nos<\/a><br>right<br>icon-cog-line<br>right<br>2<br><br>20<br>default<br><br><img decoding=\"async\" src=\"https:\/\/ssidetetives.com.br\/wp-content\/uploads\/2020\/03\/icone-gps.png\" alt=\"icone-gps\"><br>REASTREAMENTO GPS<br>Equipamentos para rastrear e acompanhar pessoas.<br><a href=\"https:\/\/ssidetetives.com.br\/rastreamento-gps\/\">https:\/\/ssidetetives.com.br\/rastreamento-gps\/<\/a><br>2<br><br><img decoding=\"async\" src=\"https:\/\/ssidetetives.com.br\/wp-content\/uploads\/2020\/03\/icone-contra-espionagem.png\" alt=\"icone-contra-espionagem\"><br>CONTRAESPIONAGEM<br>\u00c9 o servi\u00e7o de combater eventuais espionagens contra voc\u00ea.<br><a href=\"https:\/\/ssidetetives.com.br\/contraespionagem\/\">https:\/\/ssidetetives.com.br\/contraespionagem\/<\/a><br>2<br><br><br><img decoding=\"async\" src=\"https:\/\/ssidetetives.com.br\/wp-content\/uploads\/2020\/03\/icone-infiltracao.png\" alt=\"icone-infiltracao\"><br>INFILTRA\u00c7\u00c3O<br>O detetive \u00e9 infiltrado na empresa como funcion\u00e1rio.<br><a href=\"https:\/\/ssidetetives.com.br\/infiltracao\/\">https:\/\/ssidetetives.com.br\/infiltracao\/<\/a><br>2<br><br><br><br><img decoding=\"async\" src=\"https:\/\/ssidetetives.com.br\/wp-content\/uploads\/2020\/03\/icone-conjulgal.png\" alt=\"icone-conjulgal\"><br>INVESTIGA\u00c7\u00c3O CONJULGAL<br>Acompanhamento para casos de infidelidade entre casais.<br><a href=\"https:\/\/ssidetetives.com.br\/investigacao-conjulgal\/\">https:\/\/ssidetetives.com.br\/investigacao-conjulgal\/<\/a><br>2<br><br><img decoding=\"async\" src=\"https:\/\/ssidetetives.com.br\/wp-content\/uploads\/2020\/03\/icone-baba.png\" alt=\"icone-baba\"><br>INVESTIGA\u00c7\u00c3O DE BAB\u00c1S<br>Realizamos investiga\u00e7\u00f5es para descobrir se existe maus tratos.<br><a href=\"https:\/\/ssidetetives.com.br\/investigacao-de-babas-cuidadoras-de-idosos-e-outros-profissionais-que-trabalham-em-sua-residencia\/\">https:\/\/ssidetetives.com.br\/investigacao-de-babas-cuidadoras-de-idosos-e-outros-profissionais-que-trabalham-em-sua-residencia\/<\/a><br>2<br><br><img decoding=\"async\" src=\"https:\/\/ssidetetives.com.br\/wp-content\/uploads\/2020\/03\/icone-varredura.png\" alt=\"icone-varredura\"><br>VARREDURAS<br>Detectar poss\u00edveis viola\u00e7\u00f5es na privacidade das comunica\u00e7\u00f5es<br><a href=\"https:\/\/ssidetetives.com.br\/varredura-localizacao-de-interceptacao-nao-autorizada\/\">https:\/\/ssidetetives.com.br\/varredura-localizacao-de-interceptacao-nao-autorizada\/<\/a><br>2<br><br><\/p>\r\n","protected":false},"excerpt":{"rendered":"<p>Sobre a SSI Sobre N\u00f3s A SSI \u00e9 uma ag\u00eancia de detetive particular que atua no ramo h\u00e1 22 anos em S\u00e3o Paulo, cidades do interior<span class=\"excerpt-hellip\"> [\u2026]<\/span><\/p>\n","protected":false},"author":1,"featured_media":0,"parent":0,"menu_order":0,"comment_status":"closed","ping_status":"open","template":"","meta":[],"_links":{"self":[{"href":"https:\/\/ssidetetives.com.br\/index.php?rest_route=\/wp\/v2\/pages\/2"}],"collection":[{"href":"https:\/\/ssidetetives.com.br\/index.php?rest_route=\/wp\/v2\/pages"}],"about":[{"href":"https:\/\/ssidetetives.com.br\/index.php?rest_route=\/wp\/v2\/types\/page"}],"author":[{"embeddable":true,"href":"https:\/\/ssidetetives.com.br\/index.php?rest_route=\/wp\/v2\/users\/1"}],"replies":[{"embeddable":true,"href":"https:\/\/ssidetetives.com.br\/index.php?rest_route=%2Fwp%2Fv2%2Fcomments&post=2"}],"version-history":[{"count":2,"href":"https:\/\/ssidetetives.com.br\/index.php?rest_route=\/wp\/v2\/pages\/2\/revisions"}],"predecessor-version":[{"id":238,"href":"https:\/\/ssidetetives.com.br\/index.php?rest_route=\/wp\/v2\/pages\/2\/revisions\/238"}],"wp:attachment":[{"href":"https:\/\/ssidetetives.com.br\/index.php?rest_route=%2Fwp%2Fv2%2Fmedia&parent=2"}],"curies":[{"name":"wp","href":"https:\/\/api.w.org\/{rel}","templated":true}]}}